{"id":651,"date":"2025-07-06T09:59:41","date_gmt":"2025-07-06T07:59:41","guid":{"rendered":"https:\/\/www.celineglad.com\/?post_type=product&#038;p=651"},"modified":"2025-07-06T15:23:31","modified_gmt":"2025-07-06T13:23:31","slug":"mesange-charbonniere","status":"publish","type":"product","link":"https:\/\/www.celineglad.com\/index.php\/produit\/mesange-charbonniere\/","title":{"rendered":"La m\u00e9sange charbonni\u00e8re et Plutarque"},"content":{"rendered":"<p>Une s\u00e9rie d&rsquo;oiseaux voltigeant dans ma biblioth\u00e8que avec ici une m\u00e9sange charbonni\u00e8re, la t\u00eate noire comme l&rsquo;encre d&rsquo;imprimerie, pos\u00e9e sur un volume ouvert de Plutarque (Les vies des Hommes Illustres)&#8230; je ne me souviens plus \u00e0 quelle page&#8230;<\/p>\n<p>Le dessin 13&#215;18 cm est r\u00e9alis\u00e9e aux stylos Bic 4 couleurs, et aux Bic Cristal avec quelques touches de feutre gouache blanc. Il vous sera livr\u00e9 sous un verre mus\u00e9e UV70 antireflet dans un cadre 18&#215;24 cm et exp\u00e9di\u00e9 par Colissimo.<\/p>\n<p>La participation aux frais d&rsquo;envoi est comprise dans le prix.<\/p>\n","protected":false},"excerpt":{"rendered":"<p>Dessin aux stylos Bic couleurs, r\u00e9hauss\u00e9 de feutre blanc sur papier Canson demi teinte.<br \/>\nVendu dans son cadre 18&#215;24 cm, avec passe-partout, sous verre qualit\u00e9 mus\u00e9e (anti UV, anti reflet).<\/p>\n","protected":false},"featured_media":656,"template":"","meta":[],"_links":{"self":[{"href":"https:\/\/www.celineglad.com\/index.php\/wp-json\/wp\/v2\/product\/651"}],"collection":[{"href":"https:\/\/www.celineglad.com\/index.php\/wp-json\/wp\/v2\/product"}],"about":[{"href":"https:\/\/www.celineglad.com\/index.php\/wp-json\/wp\/v2\/types\/product"}],"wp:featuredmedia":[{"embeddable":true,"href":"https:\/\/www.celineglad.com\/index.php\/wp-json\/wp\/v2\/media\/656"}],"wp:attachment":[{"href":"https:\/\/www.celineglad.com\/index.php\/wp-json\/wp\/v2\/media?parent=651"}],"curies":[{"name":"wp","href":"https:\/\/api.w.org\/{rel}","templated":true}]}}