{"id":679,"date":"2025-07-06T15:58:55","date_gmt":"2025-07-06T13:58:55","guid":{"rendered":"https:\/\/www.celineglad.com\/?post_type=product&#038;p=679"},"modified":"2025-07-06T16:15:56","modified_gmt":"2025-07-06T14:15:56","slug":"la-mesange-et-le-malheur-du-monde","status":"publish","type":"product","link":"https:\/\/www.celineglad.com\/index.php\/produit\/la-mesange-et-le-malheur-du-monde\/","title":{"rendered":"La m\u00e9sange sur le malheur du monde"},"content":{"rendered":"<p>Une s\u00e9rie d&rsquo;oiseaux voltigeant dans ma biblioth\u00e8que avec ici la jolie m\u00e9sange bleue pos\u00e9e sur \u00ab\u00a0Le Malheur du Monde\u00a0\u00bb&#8230;<\/p>\n<p>Le dessin 13&#215;18 cm est r\u00e9alis\u00e9e aux stylos Bic 4 couleurs, et aux Bic Cristal avec quelques touches de feutre gouache blanc. Il vous sera livr\u00e9 sous un verre mus\u00e9e UV70 antireflet dans un cadre 18&#215;24 cm et exp\u00e9di\u00e9 par Colissimo.<\/p>\n<p>La participation aux frais d&rsquo;envoi est comprise dans le prix.<\/p>\n","protected":false},"excerpt":{"rendered":"<p>Dessin aux stylos Bic couleurs, r\u00e9hauss\u00e9 de feutre blanc sur papier Canson demi teinte.<br \/>\nVendu dans son cadre 18&#215;24 cm, avec passe-partout, sous verre qualit\u00e9 mus\u00e9e (anti UV, anti reflet).<\/p>\n","protected":false},"featured_media":680,"template":"","meta":[],"_links":{"self":[{"href":"https:\/\/www.celineglad.com\/index.php\/wp-json\/wp\/v2\/product\/679"}],"collection":[{"href":"https:\/\/www.celineglad.com\/index.php\/wp-json\/wp\/v2\/product"}],"about":[{"href":"https:\/\/www.celineglad.com\/index.php\/wp-json\/wp\/v2\/types\/product"}],"wp:featuredmedia":[{"embeddable":true,"href":"https:\/\/www.celineglad.com\/index.php\/wp-json\/wp\/v2\/media\/680"}],"wp:attachment":[{"href":"https:\/\/www.celineglad.com\/index.php\/wp-json\/wp\/v2\/media?parent=679"}],"curies":[{"name":"wp","href":"https:\/\/api.w.org\/{rel}","templated":true}]}}