{"id":700,"date":"2025-07-07T09:15:38","date_gmt":"2025-07-07T07:15:38","guid":{"rendered":"https:\/\/www.celineglad.com\/?post_type=product&#038;p=700"},"modified":"2025-10-19T14:27:53","modified_gmt":"2025-10-19T12:27:53","slug":"mesange-bleue-au-stylo","status":"publish","type":"product","link":"https:\/\/www.celineglad.com\/index.php\/produit\/mesange-bleue-au-stylo\/","title":{"rendered":"M\u00e9sange bleue au stylo"},"content":{"rendered":"<p>S\u00e9rie inspir\u00e9e par mon outil de pr\u00e9dilection, le stylo Bic, devenu pour l&rsquo;occasion le stylo Bec. On dit que les paroles s&rsquo;envolent et que les \u00e9crits restent&#8230; j&rsquo;ai imagin\u00e9 les petits oiseaux de mon jardin pareils \u00e0 des mots qui volent et j&rsquo;ai tent\u00e9 de les capturer au stylo.<br \/>\nIci, une m\u00e9sange bleue perch\u00e9e sur un stylo Bic Cristal vert !<\/p>\n<p>Dessin r\u00e9alis\u00e9 aux stylos \u00e0 bille \u00ab\u00a04 couleurs BIC\u00a0\u00bb sur papier format 15&#215;20 cm et encadr\u00e9 avec le capuchon du stylo assorti dans un cadre profond de type vitrine.<\/p>\n<p>Dimensions du cadre :<br \/>\nlargeur 17 cm, hauteur 22 cm, profondeur 4,5 cm.<\/p>\n<p>&nbsp;<\/p>\n<p>Livraison soign\u00e9e en colissimo ou retrait sur place.<\/p>\n","protected":false},"excerpt":{"rendered":"<p>S\u00e9rie \u00ab\u00a0Stylo Bec\u00a0\u00bb<br \/>\nPassereau r\u00e9alis\u00e9 aux stylos \u00e0 bille Bic 4 couleurs, sur papier Fabriano, livr\u00e9 dans son cadre-vitrine avec le capuchon du stylo assorti.<\/p>\n","protected":false},"featured_media":701,"template":"","meta":[],"_links":{"self":[{"href":"https:\/\/www.celineglad.com\/index.php\/wp-json\/wp\/v2\/product\/700"}],"collection":[{"href":"https:\/\/www.celineglad.com\/index.php\/wp-json\/wp\/v2\/product"}],"about":[{"href":"https:\/\/www.celineglad.com\/index.php\/wp-json\/wp\/v2\/types\/product"}],"wp:featuredmedia":[{"embeddable":true,"href":"https:\/\/www.celineglad.com\/index.php\/wp-json\/wp\/v2\/media\/701"}],"wp:attachment":[{"href":"https:\/\/www.celineglad.com\/index.php\/wp-json\/wp\/v2\/media?parent=700"}],"curies":[{"name":"wp","href":"https:\/\/api.w.org\/{rel}","templated":true}]}}