{"id":707,"date":"2025-07-07T10:16:25","date_gmt":"2025-07-07T08:16:25","guid":{"rendered":"https:\/\/www.celineglad.com\/?post_type=product&#038;p=707"},"modified":"2025-10-18T17:36:29","modified_gmt":"2025-10-18T15:36:29","slug":"charbonniere-perchee-sur-bic-noir","status":"publish","type":"product","link":"https:\/\/www.celineglad.com\/index.php\/produit\/charbonniere-perchee-sur-bic-noir\/","title":{"rendered":"Charbonni\u00e8re perch\u00e9e sur Bic Noir"},"content":{"rendered":"<p>S\u00e9rie inspir\u00e9e par mon outil de pr\u00e9dilection, le stylo Bic, devenu pour l&rsquo;occasion le stylo Bec. On dit que les paroles s&rsquo;envolent et que les \u00e9crits restent&#8230; j&rsquo;ai imagin\u00e9 les petits oiseaux de mon jardin pareils \u00e0 des mots qui volent et j&rsquo;ai tent\u00e9 de les capturer au stylo.<br \/>\nIci, une m\u00e9sange charbonni\u00e8re perch\u00e9e sur un stylo Bic Cristal noir!<\/p>\n<p>Dessin r\u00e9alis\u00e9 aux stylos \u00e0 bille \u00ab\u00a04 couleurs BIC\u00a0\u00bb sur papier format 15&#215;20 cm et encadr\u00e9 avec le capuchon du stylo assorti dans un cadre profond de type vitrine (cadre 3D).<\/p>\n<p>Dimensions du cadre :<br \/>\nlargeur 17 cm, hauteur 22 cm, profondeur 4,5 cm.<\/p>\n<div style=\"width: 640px;\" class=\"wp-video\"><!--[if lt IE 9]><script>document.createElement('video');<\/script><![endif]-->\n<video class=\"wp-video-shortcode\" id=\"video-707-1\" width=\"640\" height=\"360\" preload=\"metadata\" controls=\"controls\"><source type=\"video\/mp4\" src=\"https:\/\/www.celineglad.com\/wp-content\/uploads\/2025\/07\/process-dessin-au-stylo-bic-3.mp4?_=1\" \/><a href=\"https:\/\/www.celineglad.com\/wp-content\/uploads\/2025\/07\/process-dessin-au-stylo-bic-3.mp4\">https:\/\/www.celineglad.com\/wp-content\/uploads\/2025\/07\/process-dessin-au-stylo-bic-3.mp4<\/a><\/video><\/div>\n<p>Livraison soign\u00e9e en colissimo ou retrait sur place.<\/p>\n","protected":false},"excerpt":{"rendered":"<p>S\u00e9rie \u00ab\u00a0Stylo Bec\u00a0\u00bb<br \/>\nPassereau r\u00e9alis\u00e9 aux stylos \u00e0 bille Bic 4 couleurs, sur papier Fabriano, livr\u00e9 dans son cadre-vitrine 3D avec le capuchon du stylo assorti.<\/p>\n","protected":false},"featured_media":708,"template":"","meta":[],"_links":{"self":[{"href":"https:\/\/www.celineglad.com\/index.php\/wp-json\/wp\/v2\/product\/707"}],"collection":[{"href":"https:\/\/www.celineglad.com\/index.php\/wp-json\/wp\/v2\/product"}],"about":[{"href":"https:\/\/www.celineglad.com\/index.php\/wp-json\/wp\/v2\/types\/product"}],"wp:featuredmedia":[{"embeddable":true,"href":"https:\/\/www.celineglad.com\/index.php\/wp-json\/wp\/v2\/media\/708"}],"wp:attachment":[{"href":"https:\/\/www.celineglad.com\/index.php\/wp-json\/wp\/v2\/media?parent=707"}],"curies":[{"name":"wp","href":"https:\/\/api.w.org\/{rel}","templated":true}]}}