{"id":763,"date":"2025-07-08T14:35:36","date_gmt":"2025-07-08T12:35:36","guid":{"rendered":"https:\/\/www.celineglad.com\/?post_type=product&#038;p=763"},"modified":"2025-10-04T21:36:00","modified_gmt":"2025-10-04T19:36:00","slug":"martin-pecheur-stylo-couleur-sur-enveloppe","status":"publish","type":"product","link":"https:\/\/www.celineglad.com\/index.php\/produit\/martin-pecheur-stylo-couleur-sur-enveloppe\/","title":{"rendered":"Martin P\u00eacheur, stylo couleurs sur enveloppe"},"content":{"rendered":"<p><img loading=\"lazy\" class=\"alignleft size-medium wp-image-741\" src=\"https:\/\/www.celineglad.com\/wp-content\/uploads\/2025\/07\/exemple-envoi-enveloppe1-300x300.jpg\" alt=\"\" width=\"300\" height=\"300\" srcset=\"https:\/\/www.celineglad.com\/wp-content\/uploads\/2025\/07\/exemple-envoi-enveloppe1-300x300.jpg 300w, https:\/\/www.celineglad.com\/wp-content\/uploads\/2025\/07\/exemple-envoi-enveloppe1-1024x1024.jpg 1024w, https:\/\/www.celineglad.com\/wp-content\/uploads\/2025\/07\/exemple-envoi-enveloppe1-150x150.jpg 150w, https:\/\/www.celineglad.com\/wp-content\/uploads\/2025\/07\/exemple-envoi-enveloppe1-768x768.jpg 768w, https:\/\/www.celineglad.com\/wp-content\/uploads\/2025\/07\/exemple-envoi-enveloppe1-1536x1536.jpg 1536w, https:\/\/www.celineglad.com\/wp-content\/uploads\/2025\/07\/exemple-envoi-enveloppe1-500x500.jpg 500w, https:\/\/www.celineglad.com\/wp-content\/uploads\/2025\/07\/exemple-envoi-enveloppe1-100x100.jpg 100w, https:\/\/www.celineglad.com\/wp-content\/uploads\/2025\/07\/exemple-envoi-enveloppe1.jpg 1576w\" sizes=\"(max-width: 300px) 100vw, 300px\" \/>Apr\u00e8s l&rsquo;Art postal et l&rsquo;art post\u00e9, voici l&rsquo;art \u00e0 poster ou pr\u00eat \u00e0 poster.<br \/>\nJ&rsquo;envoie parfois des courriers sous enveloppes dessin\u00e9es, comme par exemple celui ci-contre, avec l&rsquo;appr\u00e9hension que l&rsquo;oiseau ne trouve pas sa destination, jusqu&rsquo;au moment o\u00f9 l&rsquo;on me signale son arriv\u00e9e ! Un moment de joie partag\u00e9 par l&rsquo;heureux destinataire et moi-m\u00eame !<\/p>\n<p>Et c&rsquo;est ce que je vous propose : de faire s&rsquo;envoler un oiseau vers votre boite aux lettres, de partager cette appr\u00e9hension durant l&rsquo;attente (car je n&rsquo;ai aucune garantie \u00e0 vous proposer), de le trouver affranchi de son voyage et de ses tampons postaux, puis de l&rsquo;accueillir chez vous. Vous pourrez encadrer votre enveloppe et consid\u00e9rer que l&rsquo;\u0153uvre est d\u00e9sormais achev\u00e9e, gr\u00e2ce \u00e0 vous.<\/p>\n<p>&nbsp;<\/p>\n<p>L&rsquo;enveloppe que vous recevrez est au format 13&#215;18 cm, le dessin du Martin P\u00eacheur est r\u00e9alis\u00e9 aux stylos Bic couleurs, le timbre est au tarif \u00ab\u00a0lettre verte\u00a0\u00bb. Vos coordonn\u00e9es seront manuscrites et bien lisibles. J&rsquo;apposerai mon timbre \u00e0 sec en signature. Enfin, je vous enverrai par mail une photographie juste avant l&rsquo;envol !<\/p>\n","protected":false},"excerpt":{"rendered":"<p>S\u00e9rie \u00ab\u00a0Les oiseaux voyageurs\u00a0\u00bb<br \/>\nMartin P\u00eacheur, r\u00e9alis\u00e9 aux stylos Bic 4 couleurs, sur enveloppe blanche, affranchie de mon timbre f\u00e9tiche, pr\u00eate \u00e0 poster. A qui vais-je l&rsquo;adresser ?<br \/>\nRecevez dans votre boite \u00e0 lettres ce dessin original que je compl\u00e8terai au nom et adresse que vous m&rsquo;indiquerez. Plus d&rsquo;info ci-dessous&#8230;<\/p>\n","protected":false},"featured_media":764,"template":"","meta":[],"_links":{"self":[{"href":"https:\/\/www.celineglad.com\/index.php\/wp-json\/wp\/v2\/product\/763"}],"collection":[{"href":"https:\/\/www.celineglad.com\/index.php\/wp-json\/wp\/v2\/product"}],"about":[{"href":"https:\/\/www.celineglad.com\/index.php\/wp-json\/wp\/v2\/types\/product"}],"wp:featuredmedia":[{"embeddable":true,"href":"https:\/\/www.celineglad.com\/index.php\/wp-json\/wp\/v2\/media\/764"}],"wp:attachment":[{"href":"https:\/\/www.celineglad.com\/index.php\/wp-json\/wp\/v2\/media?parent=763"}],"curies":[{"name":"wp","href":"https:\/\/api.w.org\/{rel}","templated":true}]}}