{"id":843,"date":"2025-07-15T18:02:23","date_gmt":"2025-07-15T16:02:23","guid":{"rendered":"https:\/\/www.celineglad.com\/?post_type=product&#038;p=843"},"modified":"2025-07-15T18:05:16","modified_gmt":"2025-07-15T16:05:16","slug":"poule-portrait-stylo-et-plumes-de-faisan","status":"publish","type":"product","link":"https:\/\/www.celineglad.com\/index.php\/produit\/poule-portrait-stylo-et-plumes-de-faisan\/","title":{"rendered":"Poule, portrait au stylo et plumes de faisan"},"content":{"rendered":"<p>Plume et stylo, stylo et plume&#8230; Une s\u00e9rie de portraits de poules.<br \/>\nTechnique mixte, stylo Bic couleurs et collage de plumes naturelles.<\/p>\n<p>Dessin livr\u00e9 sous un verre mus\u00e9e UV70 antireflet dans un cadre en bois massif 18&#215;24 cm et exp\u00e9di\u00e9 par Colissimo.<br \/>\nLa participation aux frais d&rsquo;envoi est comprise dans le prix.<\/p>\n","protected":false},"excerpt":{"rendered":"<p>Portrait d&rsquo;une poule. Dessin aux stylos Bic couleurs, et collage de plumes naturelles de faisan, sur papier ivoire Offset Arjomari.<br \/>\nVendu dans son cadre 18&#215;24 cm, sous verre qualit\u00e9 mus\u00e9e (anti UV, anti reflet).<\/p>\n","protected":false},"featured_media":844,"template":"","meta":[],"_links":{"self":[{"href":"https:\/\/www.celineglad.com\/index.php\/wp-json\/wp\/v2\/product\/843"}],"collection":[{"href":"https:\/\/www.celineglad.com\/index.php\/wp-json\/wp\/v2\/product"}],"about":[{"href":"https:\/\/www.celineglad.com\/index.php\/wp-json\/wp\/v2\/types\/product"}],"wp:featuredmedia":[{"embeddable":true,"href":"https:\/\/www.celineglad.com\/index.php\/wp-json\/wp\/v2\/media\/844"}],"wp:attachment":[{"href":"https:\/\/www.celineglad.com\/index.php\/wp-json\/wp\/v2\/media?parent=843"}],"curies":[{"name":"wp","href":"https:\/\/api.w.org\/{rel}","templated":true}]}}