{"id":857,"date":"2025-07-25T14:48:38","date_gmt":"2025-07-25T12:48:38","guid":{"rendered":"https:\/\/www.celineglad.com\/?post_type=product&#038;p=857"},"modified":"2026-03-15T16:53:41","modified_gmt":"2026-03-15T15:53:41","slug":"cardinal-rouge-stylo-bic-4couleurs","status":"publish","type":"product","link":"https:\/\/www.celineglad.com\/index.php\/produit\/cardinal-rouge-stylo-bic-4couleurs\/","title":{"rendered":"Cardinal Rouge, stylos Bic 4couleurs"},"content":{"rendered":"<p>Un superbe cardinal rouge, fi\u00e8rement perch\u00e9 sur un stylo dont le capuchon rappelle le rouge de ses plumes \u00e9clatantes. Il enserre le corps du stylo avec ses serres, comme s\u2019il s\u2019appr\u00eatait \u00e0 \u00e9crire son propre r\u00e9cit. Sous lui, quatre touches de couleur\u2014vert, noir, rouge et bleu\u2014 du stylo Bic 4 couleurs classique qui ont permis de lui donner vie.<\/p>\n<p>Livr\u00e9 dans un cadre en bois massif<br \/>\nDimensions ext\u00e9rieure du cadre : 32.8 x 32.8 cm<br \/>\nVerre de mus\u00e9e UV70<\/p>\n","protected":false},"excerpt":{"rendered":"<blockquote><p>S\u00e9rie \u00ab\u00a0Eclat de Bic\u00a0\u00bb 30&#215;30 cm<br \/>\nCe dessin unique fait partie d\u2019une s\u00e9rie originale r\u00e9alis\u00e9e exclusivement au stylo Bic. Ici, l&rsquo;oiseau est r\u00e9alis\u00e9 aux 4 couleurs classiques rouge, bleu, vert et noir.\u00a0 Les couleurs \u00e9clatantes et les d\u00e9tails soign\u00e9s d\u00e9montrent la ma\u00eetrise d\u2019une technique inattendue, r\u00e9v\u00e9lant toute la richesse du dessin au stylo bille.<br \/>\n<!--StartFragment --><\/p><\/blockquote>\n<p>Technique : Dessin au stylo Bic sur papier<br \/>\nDimensions : 30 x 30 cm<br \/>\nSupport : Papier offset, \u00e0 grain, ivoire, Arjomari<br \/>\nL&rsquo;\u0153uvre est subtilement sign\u00e9e d&rsquo;un timbre \u00e0 sec.<\/p>\n<p>Livr\u00e9 encadr\u00e9, sous verre mus\u00e9um.<br \/>\nFrais d&rsquo;exp\u00e9dition pour la France inclus dans le prix.<\/p>\n","protected":false},"featured_media":858,"template":"","meta":[],"_links":{"self":[{"href":"https:\/\/www.celineglad.com\/index.php\/wp-json\/wp\/v2\/product\/857"}],"collection":[{"href":"https:\/\/www.celineglad.com\/index.php\/wp-json\/wp\/v2\/product"}],"about":[{"href":"https:\/\/www.celineglad.com\/index.php\/wp-json\/wp\/v2\/types\/product"}],"wp:featuredmedia":[{"embeddable":true,"href":"https:\/\/www.celineglad.com\/index.php\/wp-json\/wp\/v2\/media\/858"}],"wp:attachment":[{"href":"https:\/\/www.celineglad.com\/index.php\/wp-json\/wp\/v2\/media?parent=857"}],"curies":[{"name":"wp","href":"https:\/\/api.w.org\/{rel}","templated":true}]}}