{"id":862,"date":"2025-07-25T15:16:34","date_gmt":"2025-07-25T13:16:34","guid":{"rendered":"https:\/\/www.celineglad.com\/?post_type=product&#038;p=862"},"modified":"2026-02-25T16:44:44","modified_gmt":"2026-02-25T15:44:44","slug":"geai-bleu-du-canada-stylo-sur-papier","status":"publish","type":"product","link":"https:\/\/www.celineglad.com\/index.php\/produit\/geai-bleu-du-canada-stylo-sur-papier\/","title":{"rendered":"Geai bleu du Canada, stylo sur papier"},"content":{"rendered":"<p><!--StartFragment --><\/p>\n<p>Dans cette \u0153uvre d\u00e9licate et saisissante, un geai bleu vient se percher sur un stylo bille, comme pour souligner que l\u2019inspiration peut jaillir de l\u2019objet le plus banal. Les plumes aux nuances de bleu et de blanc, finement dessin\u00e9es, offrent un contraste vivant avec le corps noir et argent du stylo. \u00c0 droite, la gamme subtile des couleurs\u00a0 employ\u00e9es pour donner naissance \u00e0 l&rsquo;oiseau, t\u00e9moigne de la richesse chromatique du simple Bic.<\/p>\n<p>Le r\u00e9alisme du plumage, la posture attentive de l\u2019oiseau, et la composition \u00e9quilibr\u00e9e donnent \u00e0 ce dessin un caract\u00e8re \u00e0 la fois po\u00e9tique et graphique. Il parle aux amoureux de la nature, aux amateurs d\u2019illustration fine et \u00e0 celles et ceux qui aiment voir le quotidien transfigur\u00e9 en art.<\/p>\n<p>Livr\u00e9 dans un cadre en bois massif<br \/>\nDimensions ext\u00e9rieure du cadre : 32.8 x 32.8 cm<br \/>\nVerre de mus\u00e9e UV70<\/p>\n","protected":false},"excerpt":{"rendered":"<p>S\u00e9rie \u00ab\u00a0Eclat de Bic\u00a0\u00bb 30&#215;30 cm<br \/>\n<!--StartFragment --><\/p>\n<p>Ce dessin original au <strong>stylo Bic<\/strong> met en sc\u00e8ne un <strong>geai bleu r\u00e9aliste<\/strong> perch\u00e9 avec gr\u00e2ce sur un stylo bille noir. Chaque plume, chaque d\u00e9tail, r\u00e9v\u00e8le la ma\u00eetrise du geste et la subtilit\u00e9 du trait. Une palette de couleurs sugg\u00e9r\u00e9e sur le c\u00f4t\u00e9 donne \u00e0 l\u2019\u0153uvre une dimension \u00e0 la fois graphique et instinctive en clin d\u2019\u0153il au potentiel cr\u00e9atif de l\u2019instrument m\u00eame.<!--EndFragment --><!--StartFragment --><\/p>\n<p>Technique : Dessin au stylo Bic sur papier<br \/>\nDimensions : 30 x 30 cm<br \/>\nSupport : Papier offset, \u00e0 grain, ivoire, Arjomari<br \/>\nL&rsquo;\u0153uvre est subtilement sign\u00e9e d&rsquo;un timbre \u00e0 sec.<\/p>\n<p>Livr\u00e9 encadr\u00e9, sous verre mus\u00e9um.<br \/>\nFrais d&rsquo;exp\u00e9dition pour la France inclus dans le prix.<\/p>\n","protected":false},"featured_media":863,"template":"","meta":[],"_links":{"self":[{"href":"https:\/\/www.celineglad.com\/index.php\/wp-json\/wp\/v2\/product\/862"}],"collection":[{"href":"https:\/\/www.celineglad.com\/index.php\/wp-json\/wp\/v2\/product"}],"about":[{"href":"https:\/\/www.celineglad.com\/index.php\/wp-json\/wp\/v2\/types\/product"}],"wp:featuredmedia":[{"embeddable":true,"href":"https:\/\/www.celineglad.com\/index.php\/wp-json\/wp\/v2\/media\/863"}],"wp:attachment":[{"href":"https:\/\/www.celineglad.com\/index.php\/wp-json\/wp\/v2\/media?parent=862"}],"curies":[{"name":"wp","href":"https:\/\/api.w.org\/{rel}","templated":true}]}}