{"id":866,"date":"2025-07-25T15:26:54","date_gmt":"2025-07-25T13:26:54","guid":{"rendered":"https:\/\/www.celineglad.com\/?post_type=product&#038;p=866"},"modified":"2026-02-25T16:44:21","modified_gmt":"2026-02-25T15:44:21","slug":"geai-bleu-du-canada-sur-son-stylo","status":"publish","type":"product","link":"https:\/\/www.celineglad.com\/index.php\/produit\/geai-bleu-du-canada-sur-son-stylo\/","title":{"rendered":"Geai bleu du Canada sur son stylo"},"content":{"rendered":"<p><!--StartFragment --><\/p>\n<p><!--StartFragment --><\/p>\n<p>Dans cette illustration fine r\u00e9alis\u00e9e enti\u00e8rement au <strong>stylo Bic<\/strong>, un <strong>geai bleu<\/strong> pench\u00e9 explore le bout d\u2019un stylo bille. La sc\u00e8ne \u00e9voque la curiosit\u00e9 naturelle et la rencontre improbable entre la faune sauvage et un objet du quotidien. Le plumage aux nuances de bleu, blanc et gris est rendu avec une pr\u00e9cision remarquable, contrastant avec le stylo noir aux reflets m\u00e9talliques.<\/p>\n<p>Sur le c\u00f4t\u00e9, cinq carr\u00e9s de couleur \u2014 <strong>cyan, magenta, jaune, bleu et noir<\/strong> \u2014 viennent rappeler la palette minimaliste utilis\u00e9e pour cr\u00e9er cette \u0153uvre m\u00e9ticuleuse. Une invitation \u00e0 voir l\u2019extraordinaire dans l\u2019ordinaire.<\/p>\n<p><span style=\"letter-spacing: 0px;\">Livr\u00e9 dans un cadre en bois massif<\/span><\/p>\n<p>Dimensions ext\u00e9rieure du cadre : 32.8 x 32.8 cm<br \/>\nVerre de mus\u00e9e UV70<\/p>\n","protected":false},"excerpt":{"rendered":"<p>S\u00e9rie \u00ab\u00a0Eclat de Bic\u00a0\u00bb 30&#215;30 cm<br \/>\n<!--StartFragment --><\/p>\n<p>Ce dessin original au <strong>stylo Bic<\/strong> met en sc\u00e8ne un <strong>geai bleu <\/strong>plong\u00e9 dans l\u2019observation ou<strong> en train d&rsquo;interagir avec le stylo, <\/strong>ce qui lui conf\u00e8re une touche vivante et narrative. La palette de couleurs sugg\u00e9r\u00e9e sur le c\u00f4t\u00e9 donne \u00e0 l\u2019\u0153uvre une dimension \u00e0 la fois graphique et instinctive en clin d\u2019\u0153il au potentiel cr\u00e9atif de l\u2019instrument m\u00eame.<!--EndFragment --><!--StartFragment --><\/p>\n<p>Technique : Dessin au stylo Bic sur papier<br \/>\nDimensions : 30 x 30 cm<br \/>\nSupport : Papier offset, \u00e0 grain, ivoire, Arjomari<br \/>\nL&rsquo;\u0153uvre est subtilement sign\u00e9e d&rsquo;un timbre \u00e0 sec.<\/p>\n<p>Livr\u00e9 encadr\u00e9, sous verre mus\u00e9um.<br \/>\nFrais d&rsquo;exp\u00e9dition pour la France inclus dans le prix.<\/p>\n","protected":false},"featured_media":867,"template":"","meta":[],"_links":{"self":[{"href":"https:\/\/www.celineglad.com\/index.php\/wp-json\/wp\/v2\/product\/866"}],"collection":[{"href":"https:\/\/www.celineglad.com\/index.php\/wp-json\/wp\/v2\/product"}],"about":[{"href":"https:\/\/www.celineglad.com\/index.php\/wp-json\/wp\/v2\/types\/product"}],"wp:featuredmedia":[{"embeddable":true,"href":"https:\/\/www.celineglad.com\/index.php\/wp-json\/wp\/v2\/media\/867"}],"wp:attachment":[{"href":"https:\/\/www.celineglad.com\/index.php\/wp-json\/wp\/v2\/media?parent=866"}],"curies":[{"name":"wp","href":"https:\/\/api.w.org\/{rel}","templated":true}]}}