{"id":870,"date":"2025-07-25T15:40:09","date_gmt":"2025-07-25T13:40:09","guid":{"rendered":"https:\/\/www.celineglad.com\/?post_type=product&#038;p=870"},"modified":"2026-02-25T16:44:10","modified_gmt":"2026-02-25T15:44:10","slug":"chardonneret-elegant-aux-stylos-a-bille-multicolore","status":"publish","type":"product","link":"https:\/\/www.celineglad.com\/index.php\/produit\/chardonneret-elegant-aux-stylos-a-bille-multicolore\/","title":{"rendered":"Chardonneret \u00e9l\u00e9gant aux stylos \u00e0 bille multicolore"},"content":{"rendered":"<p><!--StartFragment --><\/p>\n<p><!--StartFragment --><\/p>\n<p><!--StartFragment --><\/p>\n<p>Ce dessin au <strong>stylo Bic<\/strong>, tout en finesse, pr\u00e9sente un <strong>chardonneret<\/strong> perch\u00e9 sur un stylo, dans une posture dynamique et expressive. Son regard vif et sa position en avant \u00e9voquent l\u2019\u00e9lan de la pens\u00e9e, comme s\u2019il s\u2019appr\u00eatait \u00e0 \u00e9crire ou \u00e0 s\u2019envoler vers une id\u00e9e. Le plumage lumineux contraste avec le corps m\u00e9tallique du stylo, cr\u00e9ant un jeu graphique subtil. En dessous, cinq carr\u00e9s de couleur \u2014 jaune, orang\u00e9, rose, noir et bleu \u2014 renforcent l\u2019aspect chromatique ma\u00eetris\u00e9 de cette composition.<\/p>\n<p>Une \u0153uvre qui incarne l\u2019\u00e9nergie cr\u00e9ative et le pouvoir \u00e9vocateur des objets simples transform\u00e9s par l\u2019art.<\/p>\n<p><span style=\"letter-spacing: 0px;\">Livr\u00e9 dans un cadre en bois massif<\/span><\/p>\n<p>Dimensions ext\u00e9rieure du cadre : 32.8 x 32.8 cm<br \/>\nVerre de mus\u00e9e UV70<\/p>\n","protected":false},"excerpt":{"rendered":"<p>S\u00e9rie \u00ab\u00a0Eclat de Bic\u00a0\u00bb 30&#215;30 cm<br \/>\n<!--StartFragment --><\/p>\n<p>Ce dessin original au <strong>stylo Bic<\/strong> met en sc\u00e8ne un <strong>chardonneret \u00e9l\u00e9gant <\/strong>aux couleurs vives et chaudes. La palette de couleurs sugg\u00e9r\u00e9e sur le c\u00f4t\u00e9 donne \u00e0 l\u2019\u0153uvre une dimension \u00e0 la fois graphique et instinctive en clin d\u2019\u0153il au potentiel cr\u00e9atif de l\u2019instrument m\u00eame.<!--EndFragment --><!--StartFragment --><\/p>\n<p>Technique : Dessin au stylo Bic sur papier<br \/>\nDimensions : 30 x 30 cm<br \/>\nSupport : Papier offset, \u00e0 grain, ivoire, Arjomari<br \/>\nL&rsquo;\u0153uvre est subtilement sign\u00e9e d&rsquo;un timbre \u00e0 sec.<\/p>\n<p>Livr\u00e9 encadr\u00e9, sous verre mus\u00e9um.<br \/>\nFrais d&rsquo;exp\u00e9dition pour la France inclus dans le prix.<\/p>\n","protected":false},"featured_media":871,"template":"","meta":[],"_links":{"self":[{"href":"https:\/\/www.celineglad.com\/index.php\/wp-json\/wp\/v2\/product\/870"}],"collection":[{"href":"https:\/\/www.celineglad.com\/index.php\/wp-json\/wp\/v2\/product"}],"about":[{"href":"https:\/\/www.celineglad.com\/index.php\/wp-json\/wp\/v2\/types\/product"}],"wp:featuredmedia":[{"embeddable":true,"href":"https:\/\/www.celineglad.com\/index.php\/wp-json\/wp\/v2\/media\/871"}],"wp:attachment":[{"href":"https:\/\/www.celineglad.com\/index.php\/wp-json\/wp\/v2\/media?parent=870"}],"curies":[{"name":"wp","href":"https:\/\/api.w.org\/{rel}","templated":true}]}}