{"id":874,"date":"2025-07-25T15:47:18","date_gmt":"2025-07-25T13:47:18","guid":{"rendered":"https:\/\/www.celineglad.com\/?post_type=product&#038;p=874"},"modified":"2026-02-25T16:43:27","modified_gmt":"2026-02-25T15:43:27","slug":"mesange-bleue-stylo-bic-couleurs","status":"publish","type":"product","link":"https:\/\/www.celineglad.com\/index.php\/produit\/mesange-bleue-stylo-bic-couleurs\/","title":{"rendered":"M\u00e9sange bleue, stylo Bic couleurs"},"content":{"rendered":"<p><!--StartFragment --><\/p>\n<p><!--StartFragment --><\/p>\n<p><!--StartFragment --><\/p>\n<p><!--StartFragment --><\/p>\n<p>Ce dessin au <strong>stylo Bic multicolore<\/strong> montre une <strong>m\u00e9sange bleue<\/strong> perch\u00e9e sur un stylo, en parfaite symbiose entre nature et outil d\u2019\u00e9criture. Son plumage richement color\u00e9 m\u00eale des teintes de <strong>bleu cobalt, jaune citron, vert tendre, violet pastel et touches de noir<\/strong>, retranscrites avec pr\u00e9cision et d\u00e9licatesse. L\u2019oiseau semble \u00e0 l\u2019\u00e9coute, attentif \u00e0 son environnement, pr\u00eat \u00e0 transformer l\u2019encre en envol po\u00e9tique. En bas de la composition, un <strong>nuancier de cinq couleurs<\/strong> (noir, jaune, magenta, cyan et bleu) souligne le processus artistique derri\u00e8re cette \u0153uvre.<\/p>\n<p>Un regard tendre sur l\u2019inspiration quotidienne, o\u00f9 l\u2019ordinaire devient extraordinaire par le trait.<\/p>\n<p><span style=\"letter-spacing: 0px;\">Livr\u00e9 dans un cadre en bois massif<\/span><\/p>\n<p>Dimensions ext\u00e9rieure du cadre : 32.8 x 32.8 cm<br \/>\nVerre de mus\u00e9e UV70<\/p>\n","protected":false},"excerpt":{"rendered":"<p>S\u00e9rie \u00ab\u00a0Eclat de Bic\u00a0\u00bb 30&#215;30 cm<br \/>\n<!--StartFragment --><\/p>\n<p>Ce dessin original au <strong>stylo Bic<\/strong> met en sc\u00e8ne une <strong>m\u00e9sange bleue <\/strong>pr\u00eate \u00e0 quitter la palette de couleurs qui l&rsquo;a fait na\u00eetre. Plus de d\u00e9tails ci-dessous.<!--EndFragment --><!--StartFragment --><\/p>\n<p>Technique : Dessin au stylo Bic sur papier<br \/>\nDimensions : 30 x 30 cm<br \/>\nSupport : Papier offset, \u00e0 grain, ivoire, Arjomari<br \/>\nL&rsquo;\u0153uvre est subtilement sign\u00e9e d&rsquo;un timbre \u00e0 sec.<\/p>\n<p>Livr\u00e9 encadr\u00e9, sous verre mus\u00e9um.<br \/>\nFrais d&rsquo;exp\u00e9dition pour la France inclus dans le prix.<\/p>\n","protected":false},"featured_media":875,"template":"","meta":[],"_links":{"self":[{"href":"https:\/\/www.celineglad.com\/index.php\/wp-json\/wp\/v2\/product\/874"}],"collection":[{"href":"https:\/\/www.celineglad.com\/index.php\/wp-json\/wp\/v2\/product"}],"about":[{"href":"https:\/\/www.celineglad.com\/index.php\/wp-json\/wp\/v2\/types\/product"}],"wp:featuredmedia":[{"embeddable":true,"href":"https:\/\/www.celineglad.com\/index.php\/wp-json\/wp\/v2\/media\/875"}],"wp:attachment":[{"href":"https:\/\/www.celineglad.com\/index.php\/wp-json\/wp\/v2\/media?parent=874"}],"curies":[{"name":"wp","href":"https:\/\/api.w.org\/{rel}","templated":true}]}}