{"id":878,"date":"2025-07-25T15:55:47","date_gmt":"2025-07-25T13:55:47","guid":{"rendered":"https:\/\/www.celineglad.com\/?post_type=product&#038;p=878"},"modified":"2026-03-07T18:43:08","modified_gmt":"2026-03-07T17:43:08","slug":"oriole-de-baltimore-stylo-bic-couleurs","status":"publish","type":"product","link":"https:\/\/www.celineglad.com\/index.php\/produit\/oriole-de-baltimore-stylo-bic-couleurs\/","title":{"rendered":"Oriole de Baltimore, stylo Bic couleurs"},"content":{"rendered":"<p><!--StartFragment --><\/p>\n<p><!--StartFragment --><\/p>\n<p><!--StartFragment --><\/p>\n<p><!--StartFragment --><\/p>\n<p><!--StartFragment --><\/p>\n<p>Cette composition au <strong>stylo Bic multicolore<\/strong>\u00a0repr\u00e9sente avec finesse un <strong>oriole de Baltimore<\/strong> perch\u00e9 sur un stylo, embl\u00e8me du lien entre plume naturelle et plume \u00e9crite. Le plumage \u00e9clatant m\u00eale les tons de <strong>orange incandescent, noir velout\u00e9<\/strong> et subtils reflets violet et bleu, rendant hommage \u00e0 l\u2019\u00e9l\u00e9gance naturelle de l\u2019oiseau. \u00c0 gauche, un <strong>nuancier vertical<\/strong> compos\u00e9 de <strong>jaune, vert, rouge, violet, bleu et noir<\/strong> expose les couleurs utilis\u00e9es \u2014 une touche graphique qui fait dialoguer les outils avec l\u2019\u0153uvre. Le tout est magnifi\u00e9 par un <strong>encadrement en bois clair<\/strong>, sobre et raffin\u00e9.<\/p>\n<p>Un hommage vibrant \u00e0 la beaut\u00e9 sauvage et \u00e0 la puissance expressive du dessin au stylo.<\/p>\n<p><span style=\"letter-spacing: 0px;\">Livr\u00e9 dans un cadre en bois massif<\/span><\/p>\n<p>Dimensions ext\u00e9rieure du cadre : 32.8 x 32.8 cm<br \/>\nVerre de mus\u00e9e UV70<\/p>\n","protected":false},"excerpt":{"rendered":"<p>S\u00e9rie \u00ab\u00a0Eclat de Bic\u00a0\u00bb 30&#215;30 cm<br \/>\n<!--StartFragment --><\/p>\n<p>Eclat d&rsquo;encre et de feu pour cet oriole de Baltimore. Dessin original au <strong>stylo Bic<\/strong> mettant en sc\u00e8ne l&rsquo;oiseau sur son outil cr\u00e9ateur et la gamme de couleurs employ\u00e9e pour la r\u00e9alisation. Plus de description en bas de page.<!--EndFragment --><!--StartFragment --><\/p>\n<p>Technique : Dessin au stylo Bic sur papier<br \/>\nDimensions : 30 x 30 cm<br \/>\nSupport : Papier offset, \u00e0 grain, ivoire, Arjomari<br \/>\nL&rsquo;\u0153uvre est subtilement sign\u00e9e d&rsquo;un timbre \u00e0 sec.<\/p>\n<p>Livr\u00e9 encadr\u00e9, sous verre mus\u00e9um.<br \/>\nFrais d&rsquo;exp\u00e9dition pour la France inclus dans le prix.<\/p>\n","protected":false},"featured_media":879,"template":"","meta":[],"_links":{"self":[{"href":"https:\/\/www.celineglad.com\/index.php\/wp-json\/wp\/v2\/product\/878"}],"collection":[{"href":"https:\/\/www.celineglad.com\/index.php\/wp-json\/wp\/v2\/product"}],"about":[{"href":"https:\/\/www.celineglad.com\/index.php\/wp-json\/wp\/v2\/types\/product"}],"wp:featuredmedia":[{"embeddable":true,"href":"https:\/\/www.celineglad.com\/index.php\/wp-json\/wp\/v2\/media\/879"}],"wp:attachment":[{"href":"https:\/\/www.celineglad.com\/index.php\/wp-json\/wp\/v2\/media?parent=878"}],"curies":[{"name":"wp","href":"https:\/\/api.w.org\/{rel}","templated":true}]}}