{"id":882,"date":"2025-07-25T16:06:12","date_gmt":"2025-07-25T14:06:12","guid":{"rendered":"https:\/\/www.celineglad.com\/?post_type=product&#038;p=882"},"modified":"2026-02-25T16:43:10","modified_gmt":"2026-02-25T15:43:10","slug":"paruline-jaune-dessin-au-stylo-bic-couleurs","status":"publish","type":"product","link":"https:\/\/www.celineglad.com\/index.php\/produit\/paruline-jaune-dessin-au-stylo-bic-couleurs\/","title":{"rendered":"Paruline jaune, dessin au stylo Bic couleurs"},"content":{"rendered":"<p><!--StartFragment --><\/p>\n<p><!--StartFragment --><\/p>\n<p><!--StartFragment --><\/p>\n<p><!--StartFragment --><\/p>\n<p><!--StartFragment --><\/p>\n<p><!--StartFragment --><\/p>\n<p>Ce dessin r\u00e9alis\u00e9 au <strong>stylo Bic multicolore<\/strong> illustre une <strong>paruline jaune<\/strong> perch\u00e9e sur un stylo, en pleine vocalise. Son plumage est domin\u00e9 par des nuances de <strong>jaune \u00e9clatant<\/strong>, enrichies de <strong>vert, violet et touches de rose et d\u2019orange<\/strong>, qui lui donnent une allure joyeuse et expressive. L\u2019oiseau, le bec ouvert, semble chanter une m\u00e9lodie l\u00e9g\u00e8re, amplifiant l\u2019id\u00e9e d\u2019un lien entre \u00e9criture et musique. Sur le c\u00f4t\u00e9, un <strong>nuancier vertical de sept couleurs<\/strong> \u2014 noir, violet, rose, orange, jaune, vert et bleu \u2014 t\u00e9moigne du choix chromatique harmonieux et vibrant.<\/p>\n<p>Une \u0153uvre qui \u00e9voque la spontan\u00e9it\u00e9, la lumi\u00e8re et le pouvoir du chant comme vecteur de pens\u00e9e.<\/p>\n<p><span style=\"letter-spacing: 0px;\">Livr\u00e9 dans un cadre en bois massif<\/span><\/p>\n<p>Dimensions ext\u00e9rieure du cadre : 32.8 x 32.8 cm<br \/>\nVerre de mus\u00e9e UV70<\/p>\n","protected":false},"excerpt":{"rendered":"<p>S\u00e9rie \u00ab\u00a0Eclat de Bic\u00a0\u00bb 30&#215;30 cm<br \/>\n<!--StartFragment --><\/p>\n<p>Chant solaire et stylo en suspens avec la\u00a0 belle Paruline Jaune. Dessin original au <strong>stylo Bic<\/strong> mettant en sc\u00e8ne l&rsquo;oiseau sur son outil cr\u00e9ateur et la gamme de couleurs employ\u00e9e pour sa r\u00e9alisation. Plus de description en bas de page.<!--EndFragment --><!--StartFragment --><\/p>\n<p>Technique : Dessin au stylo Bic sur papier<br \/>\nDimensions : 30 x 30 cm<br \/>\nSupport : Papier offset, \u00e0 grain, ivoire, Arjomari<br \/>\nL&rsquo;\u0153uvre est subtilement sign\u00e9e d&rsquo;un timbre \u00e0 sec.<\/p>\n<p>Livr\u00e9 encadr\u00e9, sous verre mus\u00e9um.<br \/>\nFrais d&rsquo;exp\u00e9dition pour la France inclus dans le prix.<\/p>\n","protected":false},"featured_media":883,"template":"","meta":[],"_links":{"self":[{"href":"https:\/\/www.celineglad.com\/index.php\/wp-json\/wp\/v2\/product\/882"}],"collection":[{"href":"https:\/\/www.celineglad.com\/index.php\/wp-json\/wp\/v2\/product"}],"about":[{"href":"https:\/\/www.celineglad.com\/index.php\/wp-json\/wp\/v2\/types\/product"}],"wp:featuredmedia":[{"embeddable":true,"href":"https:\/\/www.celineglad.com\/index.php\/wp-json\/wp\/v2\/media\/883"}],"wp:attachment":[{"href":"https:\/\/www.celineglad.com\/index.php\/wp-json\/wp\/v2\/media?parent=882"}],"curies":[{"name":"wp","href":"https:\/\/api.w.org\/{rel}","templated":true}]}}