{"id":886,"date":"2025-07-25T16:13:16","date_gmt":"2025-07-25T14:13:16","guid":{"rendered":"https:\/\/www.celineglad.com\/?post_type=product&#038;p=886"},"modified":"2026-02-25T16:42:59","modified_gmt":"2026-02-25T15:42:59","slug":"geai-bleu-du-canada-dessin-stylo-bic-couleurs","status":"publish","type":"product","link":"https:\/\/www.celineglad.com\/index.php\/produit\/geai-bleu-du-canada-dessin-stylo-bic-couleurs\/","title":{"rendered":"Geai bleu du Canada, dessin au stylo Bic couleurs"},"content":{"rendered":"<p><!--StartFragment --><\/p>\n<p><!--StartFragment --><\/p>\n<p><!--StartFragment --><\/p>\n<p><!--StartFragment --><\/p>\n<p><!--StartFragment --><\/p>\n<p><!--StartFragment --><\/p>\n<p><!--StartFragment --><\/p>\n<p>Ce <strong>dessin au stylo Bic<\/strong> repr\u00e9sente un <strong>geai bleu<\/strong> d\u00e9taill\u00e9, perch\u00e9 fi\u00e8rement sur un stylo, le regard concentr\u00e9 et l\u2019allure affirm\u00e9e. Le plumage est restitu\u00e9 avec une finesse remarquable, m\u00ealant <strong>bleu vif, blanc \u00e9clatant et noir profond<\/strong>, dans un contraste saisissant avec le stylo aux reflets m\u00e9talliques. En bas de la composition, un <strong>nuancier horizontal<\/strong> compos\u00e9 de <strong>noir, jaune, magenta, cyan et bleu<\/strong> t\u00e9moigne de l\u2019\u00e9l\u00e9gance technique du processus cr\u00e9atif.<\/p>\n<p>Un hymne \u00e0 la patience, \u00e0 la beaut\u00e9 du d\u00e9tail et au pouvoir expressif des objets ordinaires.<\/p>\n<p><span style=\"letter-spacing: 0px;\">Livr\u00e9 dans un cadre en bois massif<\/span><\/p>\n<p>Dimensions ext\u00e9rieure du cadre : 32.8 x 32.8 cm<br \/>\nVerre de mus\u00e9e UV70<\/p>\n","protected":false},"excerpt":{"rendered":"<p>S\u00e9rie \u00ab\u00a0Eclat de Bic\u00a0\u00bb 30&#215;30 cm<br \/>\n<!--StartFragment --><\/p>\n<p>Comme un trait d&rsquo;azur, ce bel oiseau du Canada : le geai bleu. Dessin original au <strong>stylo Bic<\/strong> mettant en sc\u00e8ne l&rsquo;oiseau sur son outil cr\u00e9ateur et la gamme de couleurs employ\u00e9e pour sa r\u00e9alisation. Plus de description en bas de page.<!--EndFragment --><!--StartFragment --><\/p>\n<p>Technique : Dessin au stylo Bic sur papier<br \/>\nDimensions : 30 x 30 cm<br \/>\nSupport : Papier offset, \u00e0 grain, ivoire, Arjomari<br \/>\nL&rsquo;\u0153uvre est subtilement sign\u00e9e d&rsquo;un timbre \u00e0 sec.<\/p>\n<p>Livr\u00e9 encadr\u00e9, sous verre mus\u00e9um.<br \/>\nFrais d&rsquo;exp\u00e9dition pour la France inclus dans le prix.<\/p>\n","protected":false},"featured_media":887,"template":"","meta":[],"_links":{"self":[{"href":"https:\/\/www.celineglad.com\/index.php\/wp-json\/wp\/v2\/product\/886"}],"collection":[{"href":"https:\/\/www.celineglad.com\/index.php\/wp-json\/wp\/v2\/product"}],"about":[{"href":"https:\/\/www.celineglad.com\/index.php\/wp-json\/wp\/v2\/types\/product"}],"wp:featuredmedia":[{"embeddable":true,"href":"https:\/\/www.celineglad.com\/index.php\/wp-json\/wp\/v2\/media\/887"}],"wp:attachment":[{"href":"https:\/\/www.celineglad.com\/index.php\/wp-json\/wp\/v2\/media?parent=886"}],"curies":[{"name":"wp","href":"https:\/\/api.w.org\/{rel}","templated":true}]}}