{"id":921,"date":"2025-07-30T21:53:44","date_gmt":"2025-07-30T19:53:44","guid":{"rendered":"https:\/\/www.celineglad.com\/?post_type=product&#038;p=921"},"modified":"2026-04-14T21:39:02","modified_gmt":"2026-04-14T19:39:02","slug":"lot-de-8-cartes-postales-illustrees-oiseaux-perches","status":"publish","type":"product","link":"https:\/\/www.celineglad.com\/index.php\/produit\/lot-de-8-cartes-postales-illustrees-oiseaux-perches\/","title":{"rendered":"Lot de 8 cartes postales illustr\u00e9es, oiseaux perch\u00e9s"},"content":{"rendered":"<p>Ces cartes postales ne sont pas de simples images : ce sont des invitations \u00e0 \u00e9crire, \u00e0 s\u2019envoler, \u00e0 se poser.<\/p>\n<p>Chaque carte reproduit un dessin original de la s\u00e9rie <a href=\"https:\/\/www.celineglad.com\/index.php\/categorie-produit\/dessins-originaux\/serie-eclats-de-bic\/\">Eclat de Bic<\/a>, repr\u00e9sentant un oiseau perch\u00e9 sur un stylo : l\u2019outil de travail devient branche, rep\u00e8re ou point d\u2019ancrage. L\u2019oiseau, messager ail\u00e9 par excellence, y incarne <strong>la correspondance<\/strong>, l\u2019\u00e9lan du mot qui voyage.<br \/>\nEn m\u00ealant le trait d\u00e9licat du stylo \u00e0 la vivacit\u00e9 de l\u2019oiseau, ces illustrations c\u00e9l\u00e8brent le lien entre le geste d\u2019\u00e9crire et le souffle de la communication. Comme un hommage \u00e0 l\u2019\u00e9criture manuscrite, \u00e0 ces mots confi\u00e9s au papier et port\u00e9s par le vent, l&rsquo;oiseau ou le facteur.<\/p>\n<p>Un cardinal flamboyant, un geai malicieux, une m\u00e9sange curieuse\u2026 chaque esp\u00e8ce apporte sa couleur et sa personnalit\u00e9, invitant celui qui \u00e9crit \u00e0 choisir l\u2019ambiance de son message.<\/p>\n","protected":false},"excerpt":{"rendered":"<p><strong>Et si vos mots prenaient leur envol\u202f?<\/strong><\/p>\n<p>Lot de 8 cartes postales d&rsquo;oiseaux dessin\u00e9s au stylo Bic, perch\u00e9s sur l\u2019outil m\u00eame de l\u2019\u00e9criture. Entre art et correspondance, chaque carte invite \u00e0 envoyer un mot, une pens\u00e9e, un souffle.<br \/>\n8 cartes postales imprim\u00e9e sur un papier premium (350 gr)<br \/>\nFormat : 10.5 x 14.8 cm<br \/>\n<strong>Frais de port France compris dans le prix.<\/strong><\/p>\n<p>Plus de d\u00e9tail ci-dessous.<\/p>\n","protected":false},"featured_media":922,"template":"","meta":[],"_links":{"self":[{"href":"https:\/\/www.celineglad.com\/index.php\/wp-json\/wp\/v2\/product\/921"}],"collection":[{"href":"https:\/\/www.celineglad.com\/index.php\/wp-json\/wp\/v2\/product"}],"about":[{"href":"https:\/\/www.celineglad.com\/index.php\/wp-json\/wp\/v2\/types\/product"}],"wp:featuredmedia":[{"embeddable":true,"href":"https:\/\/www.celineglad.com\/index.php\/wp-json\/wp\/v2\/media\/922"}],"wp:attachment":[{"href":"https:\/\/www.celineglad.com\/index.php\/wp-json\/wp\/v2\/media?parent=921"}],"curies":[{"name":"wp","href":"https:\/\/api.w.org\/{rel}","templated":true}]}}