{"id":934,"date":"2025-07-31T14:54:26","date_gmt":"2025-07-31T12:54:26","guid":{"rendered":"https:\/\/www.celineglad.com\/?post_type=product&#038;p=934"},"modified":"2025-07-31T14:54:26","modified_gmt":"2025-07-31T12:54:26","slug":"carnet-de-timbres-artistiques-rouge-gorge-au-bic","status":"publish","type":"product","link":"https:\/\/www.celineglad.com\/index.php\/produit\/carnet-de-timbres-artistiques-rouge-gorge-au-bic\/","title":{"rendered":"Carnet de timbres artistiques \u00ab Rouge-Gorge au Bic \u00bb"},"content":{"rendered":"<p><strong>\u00ab\u00a0\u00c9cris-moi un oiseau&#8230;\u00a0\u00bb \u2013 le souffle d\u2019un r\u00eave dans chaque lettre<\/strong><\/p>\n<p>Voici un carnet de timbres qui n&rsquo;achemine pas que du courrier \u2014 il transporte aussi l\u2019\u00e9motion. Chaque timbre est une po\u00e9sie graphique, une invitation \u00e0 l\u2019envol. Un rouge-gorge perch\u00e9 sur son stylo, nich\u00e9 au milieu de feuilles rouge automne, semble dire : *J&rsquo;ai envie de t&rsquo;\u00e9crire*<\/p>\n<p>L&rsquo;impression du carnet a \u00e9t\u00e9 r\u00e9alis\u00e9e par PHILAPOSTE le Carr\u00e9 d&rsquo;Encre (la maison du timbre, de l&rsquo;\u00e9crit et de la correspondance) d&rsquo;apr\u00e8s un de mes dessins au stylo. L&rsquo;affranchissement est en \u00ab\u00a0Lettre verte 20 g\u00a0\u00bb, (mais le poids du c\u0153ur ne se mesure pas en grammes). Au recto, un autocollant et au verso 10 timbres.<\/p>\n<div style=\"width: 770px;\" class=\"wp-video\"><!--[if lt IE 9]><script>document.createElement('video');<\/script><![endif]-->\n<video class=\"wp-video-shortcode\" id=\"video-934-1\" width=\"770\" height=\"1156\" autoplay=\"1\" preload=\"metadata\" controls=\"controls\"><source type=\"video\/mp4\" src=\"https:\/\/www.celineglad.com\/wp-content\/uploads\/2025\/07\/OXUZE1874.mp4?_=1\" \/><a href=\"https:\/\/www.celineglad.com\/wp-content\/uploads\/2025\/07\/OXUZE1874.mp4\">https:\/\/www.celineglad.com\/wp-content\/uploads\/2025\/07\/OXUZE1874.mp4<\/a><\/video><\/div>\n<p>** En r\u00e9sum\u00e9 **<br \/>\n&#8211; Une fusion rare entre art et utilit\u00e9 postale<br \/>\n&#8211; Id\u00e9al pour les collectionneurs, les amoureux de papeterie et d\u2019illustration<br \/>\n&#8211; Une touche po\u00e9tique \u00e0 chaque courrier envoy\u00e9<br \/>\n&#8211; \u00c0 offrir ou \u00e0 s\u2019offrir pour embellir le quotidien<\/p>\n<p>Envoyez vos pens\u00e9es, votre amiti\u00e9, vos mots d\u2019amour ou vos secrets avec un dessin miniature qui parle au destinataire avant m\u00eame que l\u2019enveloppe soit ouverte.<\/p>\n","protected":false},"excerpt":{"rendered":"<p><strong>Et s&rsquo;il suffisait d&rsquo;un timbre pour transformer l&rsquo;ordinaire en po\u00e9sie ?<\/strong><\/p>\n<p>Chaque timbre est une reproduction fid\u00e8le d\u2019un dessin original r\u00e9alis\u00e9 au stylo Bic, repr\u00e9sentant un rouge-gorge dans un d\u00e9cor v\u00e9g\u00e9tal empreint de tendresse et de nostalgie.<\/p>\n<p>Format : Carnet de 10 timbres + 1 image auto-collante<br \/>\nType d&rsquo;affranchissement : Lettre verte 20g<br \/>\nTechnique artistique : Dessin au stylo Bic (reproduction)<\/p>\n<p><strong>Frais de livraison France compris dans le prix<\/strong><\/p>\n","protected":false},"featured_media":936,"template":"","meta":[],"_links":{"self":[{"href":"https:\/\/www.celineglad.com\/index.php\/wp-json\/wp\/v2\/product\/934"}],"collection":[{"href":"https:\/\/www.celineglad.com\/index.php\/wp-json\/wp\/v2\/product"}],"about":[{"href":"https:\/\/www.celineglad.com\/index.php\/wp-json\/wp\/v2\/types\/product"}],"wp:featuredmedia":[{"embeddable":true,"href":"https:\/\/www.celineglad.com\/index.php\/wp-json\/wp\/v2\/media\/936"}],"wp:attachment":[{"href":"https:\/\/www.celineglad.com\/index.php\/wp-json\/wp\/v2\/media?parent=934"}],"curies":[{"name":"wp","href":"https:\/\/api.w.org\/{rel}","templated":true}]}}